{"id":56,"date":"2015-11-04T22:09:22","date_gmt":"2015-11-04T22:09:22","guid":{"rendered":"https:\/\/willkommen.unser-lurup.de\/?page_id=56"},"modified":"2021-01-20T17:06:02","modified_gmt":"2021-01-20T17:06:02","slug":"ags-und-kontakte","status":"publish","type":"page","link":"https:\/\/willkommen.unser-lurup.de\/?page_id=56","title":{"rendered":"AGs und Kontakte"},"content":{"rendered":"\n<p>Sobald es wieder m\u00f6glich ist, m\u00f6chte die<\/p>\n\n\n\n<p><strong>AG Willkommens-Caf\u00e9<\/strong> ihr Angebot im Einstein-Ring er\u00f6ffnen. Sie freut sich \u00fcber weitere Mitstreiterinnen und Mitstreiter<br>Kontakt: willkommenscafe@unser-lurup.de<\/p>\n\n\n\n<p>Die <strong>AG-W-Lan<\/strong> hat freut sich \u00fcber Unterst\u00fctzung f\u00fcr den PC-Raum im Einstein-Ring<br>Kontakt: IT-Willkommen@unser-lurup.de<\/p>\n\n\n\n<p>Dar\u00fcber hinaus suchen wir <strong>Engagierte, die Einzelne oder Familien in Lurup unterst\u00fctzen und begleiten m\u00f6chten<\/strong>. <\/p>\n\n\n\n<p>Wenn Sie Fragen zu unserer Initiative haben oder wenn Sie in unseren Verteiler aufgenommen werden m\u00f6chten, wenden Sie sich gerne an uns:<\/p>\n\n\n\n<figure class=\"wp-block-image\"><a href=\"http:\/\/unser-lurup.de\/wp-content\/uploads\/2015\/10\/willkommenadressse.jpg\"><img decoding=\"async\" src=\"http:\/\/unser-lurup.de\/wp-content\/uploads\/2015\/10\/willkommenadressse.jpg\" alt=\"willkommenadressse\" class=\"wp-image-1989\"\/><\/a><\/figure>\n","protected":false},"excerpt":{"rendered":"<p>Sobald es wieder m\u00f6glich ist, m\u00f6chte die AG Willkommens-Caf\u00e9 ihr Angebot im Einstein-Ring er\u00f6ffnen. Sie freut sich \u00fcber weitere Mitstreiterinnen und MitstreiterKontakt: willkommenscafe@unser-lurup.de Die AG-W-Lan hat freut sich \u00fcber Unterst\u00fctzung f\u00fcr den PC-Raum im Einstein-RingKontakt: IT-Willkommen@unser-lurup.de Dar\u00fcber hinaus suchen wir Engagierte, die Einzelne oder Familien in Lurup unterst\u00fctzen und begleiten m\u00f6chten. Wenn Sie Fragen zu [&hellip;]<\/p>\n","protected":false},"author":2,"featured_media":0,"parent":0,"menu_order":0,"comment_status":"closed","ping_status":"closed","template":"","meta":{"_et_pb_use_builder":"","_et_pb_old_content":"","_et_gb_content_width":"","footnotes":""},"class_list":["post-56","page","type-page","status-publish","hentry"],"_links":{"self":[{"href":"https:\/\/willkommen.unser-lurup.de\/index.php?rest_route=\/wp\/v2\/pages\/56","targetHints":{"allow":["GET"]}}],"collection":[{"href":"https:\/\/willkommen.unser-lurup.de\/index.php?rest_route=\/wp\/v2\/pages"}],"about":[{"href":"https:\/\/willkommen.unser-lurup.de\/index.php?rest_route=\/wp\/v2\/types\/page"}],"author":[{"embeddable":true,"href":"https:\/\/willkommen.unser-lurup.de\/index.php?rest_route=\/wp\/v2\/users\/2"}],"replies":[{"embeddable":true,"href":"https:\/\/willkommen.unser-lurup.de\/index.php?rest_route=%2Fwp%2Fv2%2Fcomments&post=56"}],"version-history":[{"count":18,"href":"https:\/\/willkommen.unser-lurup.de\/index.php?rest_route=\/wp\/v2\/pages\/56\/revisions"}],"predecessor-version":[{"id":586,"href":"https:\/\/willkommen.unser-lurup.de\/index.php?rest_route=\/wp\/v2\/pages\/56\/revisions\/586"}],"wp:attachment":[{"href":"https:\/\/willkommen.unser-lurup.de\/index.php?rest_route=%2Fwp%2Fv2%2Fmedia&parent=56"}],"curies":[{"name":"wp","href":"https:\/\/api.w.org\/{rel}","templated":true}]}}