{"id":259,"date":"2017-03-14T09:37:42","date_gmt":"2017-03-14T09:37:42","guid":{"rendered":"https:\/\/willkommen.unser-lurup.de\/?page_id=259"},"modified":"2021-01-20T17:25:07","modified_gmt":"2021-01-20T17:25:07","slug":"berichte","status":"publish","type":"page","link":"https:\/\/willkommen.unser-lurup.de\/?page_id=259","title":{"rendered":"Berichte und Dokumente"},"content":{"rendered":"\n<div class=\"wp-block-columns is-layout-flex wp-container-core-columns-is-layout-1 wp-block-columns-is-layout-flex\">\n<div class=\"wp-block-column is-layout-flow wp-block-column-is-layout-flow\">\n<div class=\"wp-block-image\"><figure class=\"alignleft size-large is-resized\"><a href=\"https:\/\/willkommen.unser-lurup.de\/wp-content\/uploads\/2017\/06\/ElbeWochenbl.WEB_.jpg\" target=\"_blank\" rel=\"noopener\"><img loading=\"lazy\" decoding=\"async\" src=\"https:\/\/willkommen.unser-lurup.de\/wp-content\/uploads\/2017\/06\/ElbeWochenbl.WEB_.jpg\" alt=\"\" width=\"286\" height=\"208\"\/><\/a><\/figure><\/div>\n<\/div>\n\n\n\n<div class=\"wp-block-column is-layout-flow wp-block-column-is-layout-flow\">\n<figure class=\"wp-block-image size-large\"><a href=\"https:\/\/willkommen.unser-lurup.de\/wp-content\/uploads\/2017\/03\/Willkommenscafe-1_2_17-2WEB.jpg\" target=\"_blank\" rel=\"noopener\"><img loading=\"lazy\" decoding=\"async\" width=\"1024\" height=\"974\" src=\"https:\/\/willkommen.unser-lurup.de\/wp-content\/uploads\/2017\/03\/Willkommenscafe-1_2_17-2WEB-1024x974.jpg\" alt=\"\" class=\"wp-image-266\" srcset=\"https:\/\/willkommen.unser-lurup.de\/wp-content\/uploads\/2017\/03\/Willkommenscafe-1_2_17-2WEB-1024x974.jpg 1024w, https:\/\/willkommen.unser-lurup.de\/wp-content\/uploads\/2017\/03\/Willkommenscafe-1_2_17-2WEB-300x285.jpg 300w\" sizes=\"(max-width: 1024px) 100vw, 1024px\" \/><\/a><\/figure>\n<\/div>\n<\/div>\n\n\n\n<div class=\"wp-block-columns is-layout-flex wp-container-core-columns-is-layout-2 wp-block-columns-is-layout-flex\">\n<div class=\"wp-block-column is-layout-flow wp-block-column-is-layout-flow\">\n<div class=\"wp-block-image\"><figure class=\"alignleft size-large is-resized\"><a href=\"https:\/\/willkommen.unser-lurup.de\/wp-content\/uploads\/2017\/06\/WB-Einzelbelegung-2-WEB-458x1024.jpg\" target=\"_blank\" rel=\"noopener\"><img loading=\"lazy\" decoding=\"async\" src=\"https:\/\/willkommen.unser-lurup.de\/wp-content\/uploads\/2017\/06\/WB-Einzelbelegung-2-WEB-458x1024.jpg\" alt=\"\" width=\"310\" height=\"693\"\/><\/a><\/figure><\/div>\n<\/div>\n\n\n\n<div class=\"wp-block-column is-layout-flow wp-block-column-is-layout-flow\">\n<figure class=\"wp-block-image size-large\"><a href=\"https:\/\/willkommen.unser-lurup.de\/wp-content\/uploads\/2017\/03\/Willkommenscafe-1_2_17WEB.jpg\" target=\"_blank\" rel=\"noopener\"><img loading=\"lazy\" decoding=\"async\" width=\"751\" height=\"1024\" src=\"https:\/\/willkommen.unser-lurup.de\/wp-content\/uploads\/2017\/03\/Willkommenscafe-1_2_17WEB-751x1024.jpg\" alt=\"\" class=\"wp-image-267\" srcset=\"https:\/\/willkommen.unser-lurup.de\/wp-content\/uploads\/2017\/03\/Willkommenscafe-1_2_17WEB-751x1024.jpg 751w, https:\/\/willkommen.unser-lurup.de\/wp-content\/uploads\/2017\/03\/Willkommenscafe-1_2_17WEB-220x300.jpg 220w\" sizes=\"(max-width: 751px) 100vw, 751px\" \/><\/a><\/figure>\n<\/div>\n<\/div>\n\n\n\n<hr class=\"wp-block-separator\"\/>\n\n\n\n<div class=\"wp-block-image\"><figure class=\"aligncenter\"><a href=\"https:\/\/willkommen.unser-lurup.de\/wp-content\/uploads\/2015\/11\/GelaendeplanWEB.jpg\"><img loading=\"lazy\" decoding=\"async\" width=\"1181\" height=\"750\" src=\"https:\/\/willkommen.unser-lurup.de\/wp-content\/uploads\/2015\/11\/GelaendeplanWEB.jpg\" alt=\"GelaendeplanWEB\" class=\"wp-image-182\" srcset=\"https:\/\/willkommen.unser-lurup.de\/wp-content\/uploads\/2015\/11\/GelaendeplanWEB.jpg 1181w, https:\/\/willkommen.unser-lurup.de\/wp-content\/uploads\/2015\/11\/GelaendeplanWEB-300x191.jpg 300w, https:\/\/willkommen.unser-lurup.de\/wp-content\/uploads\/2015\/11\/GelaendeplanWEB-1024x650.jpg 1024w\" sizes=\"(max-width: 1181px) 100vw, 1181px\" \/><\/a><\/figure><\/div>\n\n\n\n<hr class=\"wp-block-separator\"\/>\n\n\n\n<p>Die <strong>AG Stadtteilkarte<\/strong> hat einen sch\u00f6nen, \u00fcbersichtlichen Umgebungsplan erarbeitet, den Sie <a href=\"https:\/\/willkommen.unser-lurup.de\/wp-content\/uploads\/2015\/11\/Lurup_final_web.pdf\" target=\"_blank\" rel=\"noopener\">hier<\/a> herunterladen k\u00f6nnen.<\/p>\n\n\n\n<div class=\"wp-block-image\"><figure class=\"alignleft\"><a href=\"https:\/\/willkommen.unser-lurup.de\/wp-content\/uploads\/2015\/11\/StadtteilkarteWEB.jpg\" target=\"_blank\" rel=\"noopener\"><img loading=\"lazy\" decoding=\"async\" width=\"2480\" height=\"1754\" src=\"https:\/\/willkommen.unser-lurup.de\/wp-content\/uploads\/2015\/11\/StadtteilkarteWEB.jpg\" alt=\"StadtteilkarteWEB\" class=\"wp-image-198\" srcset=\"https:\/\/willkommen.unser-lurup.de\/wp-content\/uploads\/2015\/11\/StadtteilkarteWEB.jpg 2480w, https:\/\/willkommen.unser-lurup.de\/wp-content\/uploads\/2015\/11\/StadtteilkarteWEB-300x212.jpg 300w, https:\/\/willkommen.unser-lurup.de\/wp-content\/uploads\/2015\/11\/StadtteilkarteWEB-1024x724.jpg 1024w\" sizes=\"(max-width: 2480px) 100vw, 2480px\" \/><\/a><\/figure><\/div>\n\n\n\n<hr class=\"wp-block-separator\"\/>\n\n\n\n<p><strong>Willkommensinitiative kochte und feierte mit syrischen Frauen<\/strong><\/p>\n\n\n\n<div class=\"wp-block-image\"><figure class=\"aligncenter\"><a href=\"https:\/\/willkommen.unser-lurup.de\/wp-content\/uploads\/2015\/11\/KochenmitSyrischenFrauenWEB.jpg\"><img loading=\"lazy\" decoding=\"async\" width=\"3264\" height=\"1502\" src=\"https:\/\/willkommen.unser-lurup.de\/wp-content\/uploads\/2015\/11\/KochenmitSyrischenFrauenWEB.jpg\" alt=\"KochenmitSyrischenFrauenWEB\" class=\"wp-image-178\" srcset=\"https:\/\/willkommen.unser-lurup.de\/wp-content\/uploads\/2015\/11\/KochenmitSyrischenFrauenWEB.jpg 3264w, https:\/\/willkommen.unser-lurup.de\/wp-content\/uploads\/2015\/11\/KochenmitSyrischenFrauenWEB-300x138.jpg 300w, https:\/\/willkommen.unser-lurup.de\/wp-content\/uploads\/2015\/11\/KochenmitSyrischenFrauenWEB-1024x471.jpg 1024w\" sizes=\"(max-width: 3264px) 100vw, 3264px\" \/><\/a><\/figure><\/div>\n\n\n\n<p>Am 20. M\u00e4rz feierte Willkommen in Lurup mit 60 syrischen Frauen und Kindern das traditionelle Neujahrs- und Fr\u00fchlingsfest mit einem gro\u00dfen B\u00fcffet. Es war eine wahre Explosion der Aromen, wie frische Minze, Koriander, Petersilie, Peperoni und Mandeln. Dazu kamen noch die verschiedensten Gew\u00fcrzpulver, die zu den meisten orientalischen Gerichten geh\u00f6ren. Es bedurfte sehr viel Handarbeit, denn alles wurde feingehackt und die Pommes wurden aus rohen Kartoffeln geschnitten. Es war den Frauen anzumerken, mit wie viel Freude sie beim Kochen waren und uns zeigten, wie in Syrien gekocht wird. Gemeinsam verspeisten wir dann genussvoll das leckere Mahl. Es war ein bunter und anstrengender Tag, hat aber sehr viel Spa\u00df gemacht und man musste die vielen neuen Eindr\u00fccke erst einmal verarbeiten.<br>Dies war ein sch\u00f6ner Einsatz der Spenden der Willkommensinitiative Lurup, die dieses gemeinsame Kochen in den R\u00e4umen der Auferstehungskirche Lurup m\u00f6glich gemacht haben.<\/p>\n\n\n\n<p class=\"has-text-align-right\"><em>Susanne Otto und Hildegard Grofe<\/em><br><em> vom Willkommenscaf\u00e9<\/em><\/p>\n\n\n\n<hr class=\"wp-block-separator\"\/>\n\n\n\n<p>Willkommen in Lurup beteiligte sich am <strong>18. Dezember ab 14 Uhr<\/strong> mit einem <strong>Info-Stand<\/strong> an der <strong>Auftaktveranstaltung des Forums Fl\u00fcchtlingshilfe<\/strong> in der Fischauktionshalle, Gro\u00dfe Elbstra\u00dfe 9. Den Programmflyer finden Sie <a href=\"https:\/\/willkommen.unser-lurup.de\/wp-content\/uploads\/2015\/11\/15.12.03.-Programm-Forum-Flu\u0308chtlingshilfe-mit-Referentinnen-0.3.pdf\" target=\"_blank\" rel=\"noopener\">hier<\/a>.<\/p>\n\n\n\n<figure class=\"wp-block-image\"><a href=\"https:\/\/willkommen.unser-lurup.de\/wp-content\/uploads\/2015\/11\/2015-12-18-Forum-Fluechtlingshilfe-9-1WEB.jpg\"><img loading=\"lazy\" decoding=\"async\" width=\"886\" height=\"478\" src=\"https:\/\/willkommen.unser-lurup.de\/wp-content\/uploads\/2015\/11\/2015-12-18-Forum-Fluechtlingshilfe-9-1WEB.jpg\" alt=\"2015-12-18-Forum-Fluechtlingshilfe-(9-1WEB)\" class=\"wp-image-117\" srcset=\"https:\/\/willkommen.unser-lurup.de\/wp-content\/uploads\/2015\/11\/2015-12-18-Forum-Fluechtlingshilfe-9-1WEB.jpg 886w, https:\/\/willkommen.unser-lurup.de\/wp-content\/uploads\/2015\/11\/2015-12-18-Forum-Fluechtlingshilfe-9-1WEB-300x162.jpg 300w\" sizes=\"(max-width: 886px) 100vw, 886px\" \/><\/a><\/figure>\n\n\n\n<p><strong>\u201eWillkommen in Lurup\u201c bei der Auftaktveranstaltung von \u201eForum Fl\u00fcchtlingshilfe\u201c<\/strong><\/p>\n\n\n\n<div class=\"wp-block-image\"><figure class=\"alignleft\"><a href=\"https:\/\/willkommen.unser-lurup.de\/wp-content\/uploads\/2015\/11\/2015-12-18-Forum-Fluechtlingshilfe1-WEB.jpg\"><img loading=\"lazy\" decoding=\"async\" width=\"886\" height=\"591\" src=\"https:\/\/willkommen.unser-lurup.de\/wp-content\/uploads\/2015\/11\/2015-12-18-Forum-Fluechtlingshilfe1-WEB.jpg\" alt=\"2015-12-18-Forum-Fluechtlingshilfe1-WEB\" class=\"wp-image-118\" srcset=\"https:\/\/willkommen.unser-lurup.de\/wp-content\/uploads\/2015\/11\/2015-12-18-Forum-Fluechtlingshilfe1-WEB.jpg 886w, https:\/\/willkommen.unser-lurup.de\/wp-content\/uploads\/2015\/11\/2015-12-18-Forum-Fluechtlingshilfe1-WEB-300x200.jpg 300w\" sizes=\"(max-width: 886px) 100vw, 886px\" \/><\/a><\/figure><\/div>\n\n\n\n<p>Gelungene Premiere! Am 18. Dezember kamen in der Fischauktionshalle Hamburg mehrere Hundert Ehrenamtliche aus \u00fcber 90 Fl\u00fcchtlingsinitiativen und -projekten aus ganz Hamburg beim \u201eForum Fl\u00fcchtlingshilfe\u201c zusammen. Lurup wurde beim Auftakt durch die Initiative \u201eWillkommen in Lurup\u201c&nbsp; vertreten. Das Forum versteht sich als eine Plattform f\u00fcr alle, die gefl\u00fcchteten Menschen in Hamburg eine Perspektive geben wollen. Es verbindet Politik, Bezirke, Initiativen, Einrichtungen, Organisationen sowie ehrenamtlich Engagierte und bietet Erfahrungsaustausch, Informationen, Ansprechpersonen, Impulse und Fortbildung.<br><br>In der Fischauktionshalle herrscht Gedr\u00e4ngel und ganz viel Engagement ist sp\u00fcrbar. Vernetzung uns besser Koordination der Unterst\u00fctzungsangebote \u2013 so das Ziel des \u201eForums Fl\u00fcchtlingshilfe\u201c, einer Initiative der Hamburger B\u00fcrgerschaft. Zur Er\u00f6ffnung richtet B\u00fcrgermeister Olaf Scholz (SPD) Worte des Danks und der Anerkennung an die Ehrenamtlichen, Interessierten, Fl\u00fcchtlinge, Politiker und Geldgeber in der Halle: \u201eIch bin sichtbar beeindruckt.&#8220; Er sei stolz, wie sich Hamburg der Aufgabe angenommen habe und so viele B\u00fcrgerinnen und B\u00fcrger sagen \u201eWir wollen helfen&#8220;. Weitere Herausforderungen st\u00fcnden vor uns, umso wichtiger sei zu betonen: \u201eWir brauchen dieses Ehrenamt.&#8220;<br>In der vollen Halle bedankte sich der B\u00fcrgermeister im Namen aller Hamburgerinnen und Hamburger bei allen Ehrenamtlichen f\u00fcr ihren seit Monaten unerm\u00fcdlichen Einsatz.<\/p>\n\n\n\n<p>An diesem Freitag verwandelte sich die Fischauktionshalle in einen eindrucksvollen \u201eMarkt der M\u00f6glichkeiten&#8220;, der ganz im Zeichen praktischer Hilfsangebote f\u00fcr die Fl\u00fcchtlinge in der Hansestadt stand. Gro\u00dfe Hilfsorganisationen waren hier mit ihren St\u00e4nden neben Stadtteilinitiativen wie \u201eWillkommen in Lurup\u201c und allerlei Anbietern ganz konkreter Hilfsprogramme pr\u00e4sent. Vertreten wurde \u201eWillkommen in Lurup\u201c durch Prof. Dr. med. Jutta Kr\u00fcger, die sich \u00fcber das gro\u00dfe Interesse am Stand der Stadtteilinitiative freute. Die Initiative hat bereits verschiedene Arbeitsgruppen gegr\u00fcndet, Willkommenscaf\u00e9s, ein Kinderprogramm und Sportangebote organisiert. Die Initiative hat sich zum Ziel gesetzt, gefl\u00fcchtete Menschen in Lurup willkommen zu hei\u00dfen und sie dabei zu unterst\u00fctzen, gut im Stadtteil anzukommen. Weitere Unterst\u00fctzer und Spenden sind willkommen. Weitere Information: willkommen.unser-lurup.de, willkommen@unser-lurup.de.<\/p>\n\n\n\n<p>Spendenkonto der Initiative \u201eWillkommen in Lurup\u201c:<br>Empf\u00e4nger: KGV Lurup\/Osdorfer Born<br>Hamburger Sparkasse<br>IBAN: DE 05 200 505 50 1053 2132 35<br>BIC: HASPDEHHXX<br>Bitte geben Sie als Verwendungszweck \u201eWillkommen in Lurup\u201c an.<\/p>\n\n\n\n<hr class=\"wp-block-separator\"\/>\n\n\n\n<p><strong>Einen Bericht aus dem &#8222;Altona Info&#8220; zur Informationsveranstaltung \u00fcber die geplante Fl\u00fcchtlingsunterkunft auf dem&nbsp; den Parkplatz Gr\u00fcn am 8. Oktober 2015 finden Sie <a href=\"http:\/\/www.altona.info\/2015\/10\/08\/fluechtlingsunterkunft-auf-dem-parkplatz-gruen-konstruktives-miteinander-bei-infoveranstaltung\/\" target=\"_blank\" rel=\"noopener\">hier<\/a>.<\/strong><\/p>\n\n\n\n<hr class=\"wp-block-separator\"\/>\n\n\n\n<figure class=\"wp-block-image\"><a href=\"http:\/\/unser-lurup.de\/wp-content\/uploads\/2015\/10\/2015-10-08-praesentation-parkplatz-gruen.pdf\" target=\"_blank\" rel=\"noopener\"><img decoding=\"async\" src=\"http:\/\/unser-lurup.de\/wp-content\/uploads\/2015\/10\/TitelPraesentationParkplatzGruen.jpg\" alt=\"TitelPraesentationParkplatzGruen\" class=\"wp-image-1944\"\/><\/a><\/figure>\n","protected":false},"excerpt":{"rendered":"<p>Die AG Stadtteilkarte hat einen sch\u00f6nen, \u00fcbersichtlichen Umgebungsplan erarbeitet, den Sie hier herunterladen k\u00f6nnen. Willkommensinitiative kochte und feierte mit syrischen Frauen Am 20. M\u00e4rz feierte Willkommen in Lurup mit 60 syrischen Frauen und Kindern das traditionelle Neujahrs- und Fr\u00fchlingsfest mit einem gro\u00dfen B\u00fcffet. Es war eine wahre Explosion der Aromen, wie frische Minze, Koriander, Petersilie, [&hellip;]<\/p>\n","protected":false},"author":2,"featured_media":0,"parent":0,"menu_order":0,"comment_status":"closed","ping_status":"closed","template":"","meta":{"_et_pb_use_builder":"","_et_pb_old_content":"","_et_gb_content_width":"","footnotes":""},"class_list":["post-259","page","type-page","status-publish","hentry"],"_links":{"self":[{"href":"https:\/\/willkommen.unser-lurup.de\/index.php?rest_route=\/wp\/v2\/pages\/259","targetHints":{"allow":["GET"]}}],"collection":[{"href":"https:\/\/willkommen.unser-lurup.de\/index.php?rest_route=\/wp\/v2\/pages"}],"about":[{"href":"https:\/\/willkommen.unser-lurup.de\/index.php?rest_route=\/wp\/v2\/types\/page"}],"author":[{"embeddable":true,"href":"https:\/\/willkommen.unser-lurup.de\/index.php?rest_route=\/wp\/v2\/users\/2"}],"replies":[{"embeddable":true,"href":"https:\/\/willkommen.unser-lurup.de\/index.php?rest_route=%2Fwp%2Fv2%2Fcomments&post=259"}],"version-history":[{"count":19,"href":"https:\/\/willkommen.unser-lurup.de\/index.php?rest_route=\/wp\/v2\/pages\/259\/revisions"}],"predecessor-version":[{"id":607,"href":"https:\/\/willkommen.unser-lurup.de\/index.php?rest_route=\/wp\/v2\/pages\/259\/revisions\/607"}],"wp:attachment":[{"href":"https:\/\/willkommen.unser-lurup.de\/index.php?rest_route=%2Fwp%2Fv2%2Fmedia&parent=259"}],"curies":[{"name":"wp","href":"https:\/\/api.w.org\/{rel}","templated":true}]}}